{"id":854,"date":"2025-05-26T16:30:53","date_gmt":"2025-05-26T14:30:53","guid":{"rendered":"https:\/\/youthdecide.spssb.net\/?page_id=854"},"modified":"2025-05-28T15:23:13","modified_gmt":"2025-05-28T13:23:13","slug":"prirocnik","status":"publish","type":"page","link":"https:\/\/youthdecide.spssb.net\/sl\/prirocnik\/","title":{"rendered":"Priro\u010dnik"},"content":{"rendered":"\n\n\n<p>Leta 2025 smo izdali Priro\u010dnik za pou\u010devanje vsebin o Evropski uniji, ki so ga sestavili u\u010ditelji Strokovnega izobra\u017eevalnega centra Ljubljana. Priro\u010dnik vklju\u010duje povzetke u\u010dnih priprav v angle\u0161kem jeziku. Razdeljen je v \u0161tiri tematske sklope: Okolje, Promet, Trajnostni razvoj in Dr\u017eavljanstvo EU.<\/p>\n\n\n\n<p>Do elektronske izdaje priro\u010dnika (PDF) lahko dostopate na povezavi spodaj:<\/p>\n\n\n\n<div class=\"wp-block-buttons is-layout-flex wp-block-buttons-is-layout-flex\">\n<div class=\"wp-block-button\"><a class=\"wp-block-button__link wp-element-button\" href=\"https:\/\/youthdecide.spssb.net\/wp-content\/uploads\/2025\/05\/EU_prirocnik_el.pdf\" target=\"_blank\" rel=\"noreferrer noopener\"><i class=\"fas fa-file-pdf\"><\/i>Priro\u010dnik EU vsebin<\/a><\/div>\n<\/div>\n\n\n\n<p><\/p>\n\n\n\n<p><br><br><\/p>\n\n\n\n<div class=\"wp-block-media-text alignwide is-stacked-on-mobile\"><figure class=\"wp-block-media-text__media\"><img loading=\"lazy\" decoding=\"async\" width=\"722\" height=\"1024\" src=\"https:\/\/youthdecide.spssb.net\/wp-content\/uploads\/2025\/05\/Prednja_page-0001-722x1024.jpg\" alt=\"\" class=\"wp-image-864 size-full\" srcset=\"https:\/\/youthdecide.spssb.net\/wp-content\/uploads\/2025\/05\/Prednja_page-0001-722x1024.jpg 722w, https:\/\/youthdecide.spssb.net\/wp-content\/uploads\/2025\/05\/Prednja_page-0001-212x300.jpg 212w, https:\/\/youthdecide.spssb.net\/wp-content\/uploads\/2025\/05\/Prednja_page-0001-768x1089.jpg 768w, https:\/\/youthdecide.spssb.net\/wp-content\/uploads\/2025\/05\/Prednja_page-0001.jpg 875w\" sizes=\"auto, (max-width: 722px) 100vw, 722px\" \/><\/figure><div class=\"wp-block-media-text__content\">\n<blockquote class=\"wp-block-quote is-style-plain has-small-font-size is-layout-flow wp-block-quote-is-layout-flow\">\n<p>Podatki o tiskani verziji:<\/p>\n\n\n\n<p>ISBN 978-961-94016-3-7<br>COBISS.SI-ID 236968963<\/p>\n\n\n\n<p>PRIRO\u010cNIK za pou\u010devanje vsebin o Evropski uniji = A teaching manual on topics related to the European union \/ [urednik Miha \u010cerne ; avtorji prispevkov Miha \u010cerne &#8230; [et al.] ; avtorica grafik Tina Grobov\u0161ek]. &#8211; Ljubljana : Strokovni izobra\u017eevalni center, 2025<\/p>\n<\/blockquote>\n<\/div><\/div>\n","protected":false},"excerpt":{"rendered":"<p>Leta 2025 smo izdali Priro\u010dnik za pou\u010devanje vsebin o Evropski uniji, ki so ga sestavili u\u010ditelji Strokovnega izobra\u017eevalnega centra Ljubljana. Priro\u010dnik vklju\u010duje povzetke u\u010dnih priprav v angle\u0161kem jeziku. Razdeljen je v \u0161tiri tematske sklope: Okolje, Promet, Trajnostni razvoj in Dr\u017eavljanstvo EU. Do elektronske izdaje priro\u010dnika (PDF) lahko dostopate na povezavi spodaj:<\/p>\n","protected":false},"author":3,"featured_media":0,"parent":0,"menu_order":0,"comment_status":"closed","ping_status":"closed","template":"","meta":{"footnotes":""},"class_list":{"0":"post-854","1":"page","2":"type-page","3":"status-publish","5":"infinite-scroll-item"},"_links":{"self":[{"href":"https:\/\/youthdecide.spssb.net\/sl\/wp-json\/wp\/v2\/pages\/854","targetHints":{"allow":["GET"]}}],"collection":[{"href":"https:\/\/youthdecide.spssb.net\/sl\/wp-json\/wp\/v2\/pages"}],"about":[{"href":"https:\/\/youthdecide.spssb.net\/sl\/wp-json\/wp\/v2\/types\/page"}],"author":[{"embeddable":true,"href":"https:\/\/youthdecide.spssb.net\/sl\/wp-json\/wp\/v2\/users\/3"}],"replies":[{"embeddable":true,"href":"https:\/\/youthdecide.spssb.net\/sl\/wp-json\/wp\/v2\/comments?post=854"}],"version-history":[{"count":21,"href":"https:\/\/youthdecide.spssb.net\/sl\/wp-json\/wp\/v2\/pages\/854\/revisions"}],"predecessor-version":[{"id":918,"href":"https:\/\/youthdecide.spssb.net\/sl\/wp-json\/wp\/v2\/pages\/854\/revisions\/918"}],"wp:attachment":[{"href":"https:\/\/youthdecide.spssb.net\/sl\/wp-json\/wp\/v2\/media?parent=854"}],"curies":[{"name":"wp","href":"https:\/\/api.w.org\/{rel}","templated":true}]}}