{"id":179,"date":"2024-02-18T18:45:53","date_gmt":"2024-02-18T17:45:53","guid":{"rendered":"https:\/\/youthdecide.spssb.net\/home\/"},"modified":"2024-09-24T09:25:54","modified_gmt":"2024-09-24T07:25:54","slug":"home","status":"publish","type":"page","link":"https:\/\/youthdecide.spssb.net\/sl\/","title":{"rendered":"Home"},"content":{"rendered":"\n\n\n<div class=\"wp-block-cover alignfull home_hero wp-duotone-unset-2\" style=\"min-height:300px;aspect-ratio:unset;\"><span aria-hidden=\"true\" class=\"wp-block-cover__background has-accent-background-color has-background-dim-80 has-background-dim\"><\/span><img loading=\"lazy\" decoding=\"async\" width=\"1920\" height=\"1281\" class=\"wp-block-cover__image-background wp-image-188\" alt=\"\" src=\"https:\/\/youthdecide.spssb.net\/wp-content\/uploads\/2024\/02\/slide01-community.jpg\" style=\"object-position:52% 79%\" data-object-fit=\"cover\" data-object-position=\"52% 79%\" srcset=\"https:\/\/youthdecide.spssb.net\/wp-content\/uploads\/2024\/02\/slide01-community.jpg 1920w, https:\/\/youthdecide.spssb.net\/wp-content\/uploads\/2024\/02\/slide01-community-300x200.jpg 300w, https:\/\/youthdecide.spssb.net\/wp-content\/uploads\/2024\/02\/slide01-community-1024x683.jpg 1024w, https:\/\/youthdecide.spssb.net\/wp-content\/uploads\/2024\/02\/slide01-community-768x512.jpg 768w, https:\/\/youthdecide.spssb.net\/wp-content\/uploads\/2024\/02\/slide01-community-1536x1025.jpg 1536w\" sizes=\"auto, (max-width: 1920px) 100vw, 1920px\" \/><div class=\"wp-block-cover__inner-container is-layout-constrained wp-block-cover-is-layout-constrained\">\n<h2 class=\"wp-block-heading has-text-align-center has-large-font-size\" style=\"text-transform:uppercase\"><strong>BODI AKTIVEN<\/strong> V LOKALNI SKUPNOSTI<\/h2>\n\n\n\n<div class=\"wp-block-buttons is-content-justification-center is-layout-flex wp-container-core-buttons-is-layout-16018d1d wp-block-buttons-is-layout-flex\">\n<div class=\"wp-block-button has-custom-font-size is-style-outline has-medium-font-size is-style-outline--1\"><a class=\"wp-block-button__link has-base-3-color has-text-color has-background has-link-color wp-element-button\" href=\"https:\/\/youthdecide.spssb.net\/sl\/predlagaj\/\" style=\"border-radius:0px;background-color:#0476b000\">Predlagaj nov projekt<\/a><\/div>\n<\/div>\n<\/div><\/div>\n\n\n\n<div style=\"height:40px\" aria-hidden=\"true\" class=\"wp-block-spacer\"><\/div>\n\n\n\n<div class=\"wp-block-columns is-layout-flex wp-container-core-columns-is-layout-9d6595d7 wp-block-columns-is-layout-flex\">\n<div class=\"wp-block-column is-layout-flow wp-block-column-is-layout-flow\" style=\"flex-basis:66.66%\">\n<h3 class=\"wp-block-heading\">Navodila za izvedbo<\/h3>\n\n\n\n<p style=\"font-size:16px\">Dijaki spoznajo koncept participativnega prora\u010duna, mo\u017enost udejstvovanja ob\u010danov na lokalni ravni in mo\u017enosti predlogov projektov v ob\u010dinah bivanja. Na terenu razi\u0161\u010dejo lokacije lastnih projektov in izsledke skupaj s konceptom dela predstavijo v razredu. V skupinah izberejo projekt, ki sodi v shemo participativnega prora\u010duna ali v druge ob\u010dinske sheme za pridobivanje predlogov ob\u010danov. Oblikujejo ustrezno prijavnico in v primeru skupinskega konsenza predlog oddajo lokalni samoupravi.<\/p>\n\n\n\n<div class=\"wp-block-buttons is-content-justification-left is-layout-flex wp-container-core-buttons-is-layout-fdcfc74e wp-block-buttons-is-layout-flex\">\n<div class=\"wp-block-button has-custom-font-size is-style-outline is-style-outline--3\" style=\"font-size:16px\"><a class=\"wp-block-button__link has-contrast-color has-text-color has-background has-link-color wp-element-button\" href=\"https:\/\/youthdecide.spssb.net\/sl\/predlagaj\/\" style=\"border-radius:0px;background-color:#0a0a0a00\">Predlagaj nov projekt<\/a><\/div>\n<\/div>\n\n\n\n<div style=\"height:40px\" aria-hidden=\"true\" class=\"wp-block-spacer\"><\/div>\n\n\n\n<h3 class=\"wp-block-heading\">U\u010dna gradiva<\/h3>\n\n\n\n<ul class=\"wp-block-list\">\n<li><a href=\"https:\/\/youthdecide.spssb.net\/wp-content\/uploads\/2024\/06\/Navodila_za_ucitelje-Ucna_priprava.pdf\" data-type=\"link\" data-id=\"https:\/\/youthdecide.spssb.net\/wp-content\/uploads\/2024\/06\/Teaching_manual-Lesson_plan.docx\" target=\"_blank\" rel=\"noreferrer noopener\">U\u010dno-delovni list<\/a> (obrazec) in navodila za izvedbo<\/li>\n<\/ul>\n\n\n\n<div style=\"height:40px\" aria-hidden=\"true\" class=\"wp-block-spacer\"><\/div>\n\n\n\n<h3 class=\"wp-block-heading\">Predlagani projekti<\/h3>\n\n\n\n<div class=\"wp-block-query is-layout-flow wp-block-query-is-layout-flow\"><ul class=\"columns-2 wp-block-post-template is-layout-grid wp-container-core-post-template-is-layout-17361a50 wp-block-post-template-is-layout-grid\"><li class=\"wp-block-post post-1072 post type-post status-publish format-standard has-post-thumbnail hentry category-predlogi tag-promet infinite-scroll-item generate-columns tablet-grid-50 mobile-grid-100 grid-parent grid-50\">\n<figure style=\"aspect-ratio:16\/9;width:95%;\" class=\"align wp-block-post-featured-image\"><a href=\"https:\/\/youthdecide.spssb.net\/sl\/predlogi\/parkirisce-siska\/\" target=\"_self\"  ><img loading=\"lazy\" decoding=\"async\" width=\"1536\" height=\"1024\" src=\"https:\/\/youthdecide.spssb.net\/wp-content\/uploads\/2026\/01\/2026-01-22_69720f7b19073_6A3D9504-60A6-40BE-BFF9-00B01DC54D08.png\" class=\"attachment-post-thumbnail size-post-thumbnail wp-post-image\" alt=\"Parkiri\u0161\u010de \u0160i\u0161ka\" style=\"width:100%;height:100%;object-fit:cover;\" srcset=\"https:\/\/youthdecide.spssb.net\/wp-content\/uploads\/2026\/01\/2026-01-22_69720f7b19073_6A3D9504-60A6-40BE-BFF9-00B01DC54D08.png 1536w, https:\/\/youthdecide.spssb.net\/wp-content\/uploads\/2026\/01\/2026-01-22_69720f7b19073_6A3D9504-60A6-40BE-BFF9-00B01DC54D08-300x200.png 300w, https:\/\/youthdecide.spssb.net\/wp-content\/uploads\/2026\/01\/2026-01-22_69720f7b19073_6A3D9504-60A6-40BE-BFF9-00B01DC54D08-1024x683.png 1024w, https:\/\/youthdecide.spssb.net\/wp-content\/uploads\/2026\/01\/2026-01-22_69720f7b19073_6A3D9504-60A6-40BE-BFF9-00B01DC54D08-768x512.png 768w\" sizes=\"auto, (max-width: 1536px) 100vw, 1536px\" \/><\/a><\/figure>\n\n\n<div style=\"height:10px\" aria-hidden=\"true\" class=\"wp-block-spacer\"><\/div>\n\n\n<h2 style=\"font-size:22px;\" class=\"wp-block-post-title\"><a href=\"https:\/\/youthdecide.spssb.net\/sl\/predlogi\/parkirisce-siska\/\" target=\"_self\" >Parkiri\u0161\u010de \u0160i\u0161ka<\/a><\/h2>\n\n<div style=\"font-size:16px;\" class=\"wp-block-post-excerpt\"><p class=\"wp-block-post-excerpt__excerpt\">Naredil ni dodatno parkiri\u0161\u010de z streho ki bo imelo vsaj 50 dodatnih mest. <\/p><\/div>\n<\/li><li class=\"wp-block-post post-1068 post type-post status-publish format-standard has-post-thumbnail hentry category-predlogi tag-gospodarstvo tag-izobrazevanje tag-javne-povrsine tag-okoljevarstvo tag-turizem infinite-scroll-item generate-columns tablet-grid-50 mobile-grid-100 grid-parent grid-50\">\n<figure style=\"aspect-ratio:16\/9;width:95%;\" class=\"align wp-block-post-featured-image\"><a href=\"https:\/\/youthdecide.spssb.net\/sl\/predlogi\/ureditev-vecnamenskrga-zelenega-parka-z-otroskim-igriscem\/\" target=\"_self\"  ><img loading=\"lazy\" decoding=\"async\" width=\"1440\" height=\"1440\" src=\"https:\/\/youthdecide.spssb.net\/wp-content\/uploads\/2026\/01\/2026-01-21_6970bc724f5e0_IMG_1877.jpeg\" class=\"attachment-post-thumbnail size-post-thumbnail wp-post-image\" alt=\"ureditev vecnamenskrga zelenega parka z otroskim igriscem\" style=\"width:100%;height:100%;object-fit:cover;\" srcset=\"https:\/\/youthdecide.spssb.net\/wp-content\/uploads\/2026\/01\/2026-01-21_6970bc724f5e0_IMG_1877.jpeg 1440w, https:\/\/youthdecide.spssb.net\/wp-content\/uploads\/2026\/01\/2026-01-21_6970bc724f5e0_IMG_1877-300x300.jpeg 300w, https:\/\/youthdecide.spssb.net\/wp-content\/uploads\/2026\/01\/2026-01-21_6970bc724f5e0_IMG_1877-1024x1024.jpeg 1024w, https:\/\/youthdecide.spssb.net\/wp-content\/uploads\/2026\/01\/2026-01-21_6970bc724f5e0_IMG_1877-150x150.jpeg 150w, https:\/\/youthdecide.spssb.net\/wp-content\/uploads\/2026\/01\/2026-01-21_6970bc724f5e0_IMG_1877-768x768.jpeg 768w\" sizes=\"auto, (max-width: 1440px) 100vw, 1440px\" \/><\/a><\/figure>\n\n\n<div style=\"height:10px\" aria-hidden=\"true\" class=\"wp-block-spacer\"><\/div>\n\n\n<h2 style=\"font-size:22px;\" class=\"wp-block-post-title\"><a href=\"https:\/\/youthdecide.spssb.net\/sl\/predlogi\/ureditev-vecnamenskrga-zelenega-parka-z-otroskim-igriscem\/\" target=\"_self\" >ureditev vecnamenskrga zelenega parka z otroskim igriscem<\/a><\/h2>\n\n<div style=\"font-size:16px;\" class=\"wp-block-post-excerpt\"><p class=\"wp-block-post-excerpt__excerpt\">Projekt predvideva ureditev sodobnega ve\u010dnamenskega zelenega parka z otro\u0161kim igriscem, sportnimi povrsinami, klopmi, pitnikom za vodo ter zasaditvijo dreves in <\/p><\/div>\n<\/li><li class=\"wp-block-post post-1064 post type-post status-publish format-standard has-post-thumbnail hentry category-predlogi tag-promet infinite-scroll-item generate-columns tablet-grid-50 mobile-grid-100 grid-parent grid-50\">\n<figure style=\"aspect-ratio:16\/9;width:95%;\" class=\"align wp-block-post-featured-image\"><a href=\"https:\/\/youthdecide.spssb.net\/sl\/predlogi\/izgradnja-plocnikov\/\" target=\"_self\"  ><img loading=\"lazy\" decoding=\"async\" width=\"1024\" height=\"749\" src=\"https:\/\/youthdecide.spssb.net\/wp-content\/uploads\/2026\/01\/2026-01-21_697086c9a320e_IMG_6148.jpeg\" class=\"attachment-post-thumbnail size-post-thumbnail wp-post-image\" alt=\"Izgradnja plo\u010dnikov\" style=\"width:100%;height:100%;object-fit:cover;\" srcset=\"https:\/\/youthdecide.spssb.net\/wp-content\/uploads\/2026\/01\/2026-01-21_697086c9a320e_IMG_6148.jpeg 1024w, https:\/\/youthdecide.spssb.net\/wp-content\/uploads\/2026\/01\/2026-01-21_697086c9a320e_IMG_6148-300x219.jpeg 300w, https:\/\/youthdecide.spssb.net\/wp-content\/uploads\/2026\/01\/2026-01-21_697086c9a320e_IMG_6148-768x562.jpeg 768w\" sizes=\"auto, (max-width: 1024px) 100vw, 1024px\" \/><\/a><\/figure>\n\n\n<div style=\"height:10px\" aria-hidden=\"true\" class=\"wp-block-spacer\"><\/div>\n\n\n<h2 style=\"font-size:22px;\" class=\"wp-block-post-title\"><a href=\"https:\/\/youthdecide.spssb.net\/sl\/predlogi\/izgradnja-plocnikov\/\" target=\"_self\" >Izgradnja plo\u010dnikov<\/a><\/h2>\n\n<div style=\"font-size:16px;\" class=\"wp-block-post-excerpt\"><p class=\"wp-block-post-excerpt__excerpt\">Zgradili bi plo\u010dnik, ki bi zagotocili varnost za pe\u0161ce dil\u017eina bi bila okoli 1,5km in \u0161irina 1,5m. Naredili bi na eni strani ceste <\/p><\/div>\n<\/li><\/ul><\/div>\n<\/div>\n\n\n\n<div class=\"wp-block-column is-layout-flow wp-block-column-is-layout-flow\" style=\"flex-basis:33.33%\">\n<h3 class=\"wp-block-heading\">Zadnja obvestila<\/h3>\n\n\n\n<div class=\"wp-block-query is-layout-flow wp-block-query-is-layout-flow\"><ul class=\"wp-block-post-template is-layout-flow wp-block-post-template-is-layout-flow\"><li class=\"wp-block-post post-963 post type-post status-publish format-standard hentry category-obvestila tag-news-sl infinite-scroll-item generate-columns tablet-grid-50 mobile-grid-100 grid-parent grid-50\">\n\n<div class=\"wp-block-group is-vertical is-content-justification-left is-layout-flex wp-container-core-group-is-layout-8caf01e3 wp-block-group-is-layout-flex\" style=\"padding-top:30px;padding-right:30px;padding-bottom:30px;padding-left:30px\"><h2 class=\"wp-block-post-title has-medium-font-size\"><a href=\"https:\/\/youthdecide.spssb.net\/sl\/obvestila\/youthdecide-multiplier-event\/\" target=\"_self\" >YOUTHDECIDE Zaklju\u010dni dogodek<\/a><\/h2>\n\n<div style=\"font-size:15px;\" class=\"wp-block-post-excerpt\"><p class=\"wp-block-post-excerpt__excerpt\">V sredo, 4. junija 2025, je SIC Ljubljana gostila zaklju\u010dni dogodek v projektu YouthDecide, ki se ga je udele\u017eil predsednik \u010cetrtne skupnosti Be\u017eigrad, g. Stanko Furlan. Dijaki so predstavili svoje projektne predloge in prejeli nagrade za svoj trud. Ve\u010d v galeriji spodaj. <\/p><\/div>\n\n<div class=\"wp-block-post-date has-small-font-size\"><time datetime=\"2025-06-18T09:34:37+02:00\">18 junija, 2025<\/time><\/div><\/div>\n\n<\/li><li class=\"wp-block-post post-901 post type-post status-publish format-standard hentry category-obvestila infinite-scroll-item generate-columns tablet-grid-50 mobile-grid-100 grid-parent grid-50\">\n\n<div class=\"wp-block-group is-vertical is-content-justification-left is-layout-flex wp-container-core-group-is-layout-8caf01e3 wp-block-group-is-layout-flex\" style=\"padding-top:30px;padding-right:30px;padding-bottom:30px;padding-left:30px\"><h2 class=\"wp-block-post-title has-medium-font-size\"><a href=\"https:\/\/youthdecide.spssb.net\/sl\/obvestila\/izsel-je-prirocnik-za-poucevanje-eu-vsebin\/\" target=\"_self\" >Iz\u0161el je priro\u010dnik za pou\u010devanje EU vsebin<\/a><\/h2>\n\n<div style=\"font-size:15px;\" class=\"wp-block-post-excerpt\"><p class=\"wp-block-post-excerpt__excerpt\">Elektronska izdaja priro\u010dnika je zdaj objavljena na spletni strani. Podatki o tiskani verziji: ISBN 978-961-94016-3-7COBISS.SI-ID 236968963 PRIRO\u010cNIK za pou\u010devanje vsebin o Evropski uniji = A teaching manual on topics related to the European union \/ [urednik Miha \u010cerne ; avtorji prispevkov Miha \u010cerne \u2026 [et al.] ; avtorica grafik Tina Grobov\u0161ek]. \u2013 Ljubljana : Strokovni&hellip; <\/p><\/div>\n\n<div class=\"wp-block-post-date has-small-font-size\"><time datetime=\"2025-05-27T18:46:08+02:00\">27 maja, 2025<\/time><\/div><\/div>\n\n<\/li><li class=\"wp-block-post post-450 post type-post status-publish format-standard hentry category-obvestila infinite-scroll-item generate-columns tablet-grid-50 mobile-grid-100 grid-parent grid-50\">\n\n<div class=\"wp-block-group is-vertical is-content-justification-left is-layout-flex wp-container-core-group-is-layout-8caf01e3 wp-block-group-is-layout-flex\" style=\"padding-top:30px;padding-right:30px;padding-bottom:30px;padding-left:30px\"><h2 class=\"wp-block-post-title has-medium-font-size\"><a href=\"https:\/\/youthdecide.spssb.net\/sl\/obvestila\/kaj-je-participativni-proracun\/\" target=\"_self\" >Kaj je participativni prora\u010dun?<\/a><\/h2>\n\n<div style=\"font-size:15px;\" class=\"wp-block-post-excerpt\"><p class=\"wp-block-post-excerpt__excerpt\">Participativni prora\u010dun je sredstvo za sodelovanje ob\u010danov pri odlo\u010danju o porabi prora\u010dunskih sredstev. V Republiki Sloveniji se shema participativnega prora\u010duna izvaja na ravni ob\u010din. Ve\u010d informacij (Skupnost ob\u010din Slovenije) <\/p><\/div>\n\n<div class=\"wp-block-post-date has-small-font-size\"><time datetime=\"2024-10-13T11:48:31+02:00\">13 oktobra, 2024<\/time><\/div><\/div>\n\n<\/li><li class=\"wp-block-post post-380 post type-post status-publish format-standard hentry category-obvestila infinite-scroll-item generate-columns tablet-grid-50 mobile-grid-100 grid-parent grid-50\">\n\n<div class=\"wp-block-group is-vertical is-content-justification-left is-layout-flex wp-container-core-group-is-layout-8caf01e3 wp-block-group-is-layout-flex\" style=\"padding-top:30px;padding-right:30px;padding-bottom:30px;padding-left:30px\"><h2 class=\"wp-block-post-title has-medium-font-size\"><a href=\"https:\/\/youthdecide.spssb.net\/sl\/obvestila\/ucna-gradiva\/\" target=\"_self\" >Objavljena u\u010dna gradiva<\/a><\/h2>\n\n<div style=\"font-size:15px;\" class=\"wp-block-post-excerpt\"><p class=\"wp-block-post-excerpt__excerpt\">Objavljena so u\u010dna gradiva. Najdete jih spodaj: <\/p><\/div>\n\n<div class=\"wp-block-post-date has-small-font-size\"><time datetime=\"2023-12-03T15:00:19+01:00\">3 decembra, 2023<\/time><\/div><\/div>\n\n<\/li><\/ul><\/div>\n<\/div>\n<\/div>\n\n\n\n<div class=\"wp-block-columns is-layout-flex wp-container-core-columns-is-layout-9d6595d7 wp-block-columns-is-layout-flex\">\n<div class=\"wp-block-column is-layout-flow wp-block-column-is-layout-flow\" style=\"flex-basis:60%\"><\/div>\n\n\n\n<div class=\"wp-block-column is-layout-flow wp-block-column-is-layout-flow\" style=\"flex-basis:40%\"><\/div>\n<\/div>\n","protected":false},"excerpt":{"rendered":"<p>Navodila za izvedbo Dijaki spoznajo koncept participativnega prora\u010duna, mo\u017enost udejstvovanja ob\u010danov na lokalni ravni in mo\u017enosti predlogov projektov v ob\u010dinah bivanja. Na terenu razi\u0161\u010dejo lokacije lastnih projektov in izsledke skupaj s konceptom dela predstavijo v razredu. V skupinah izberejo projekt, ki sodi v shemo participativnega prora\u010duna ali v druge ob\u010dinske sheme za pridobivanje predlogov ob\u010danov. &#8230; <a title=\"Home\" class=\"read-more\" href=\"https:\/\/youthdecide.spssb.net\/sl\/\" aria-label=\"Read more about Home\">Read more<\/a><\/p>\n","protected":false},"author":2,"featured_media":0,"parent":0,"menu_order":0,"comment_status":"closed","ping_status":"closed","template":"","meta":{"footnotes":""},"class_list":{"0":"post-179","1":"page","2":"type-page","3":"status-publish","5":"infinite-scroll-item"},"_links":{"self":[{"href":"https:\/\/youthdecide.spssb.net\/sl\/wp-json\/wp\/v2\/pages\/179","targetHints":{"allow":["GET"]}}],"collection":[{"href":"https:\/\/youthdecide.spssb.net\/sl\/wp-json\/wp\/v2\/pages"}],"about":[{"href":"https:\/\/youthdecide.spssb.net\/sl\/wp-json\/wp\/v2\/types\/page"}],"author":[{"embeddable":true,"href":"https:\/\/youthdecide.spssb.net\/sl\/wp-json\/wp\/v2\/users\/2"}],"replies":[{"embeddable":true,"href":"https:\/\/youthdecide.spssb.net\/sl\/wp-json\/wp\/v2\/comments?post=179"}],"version-history":[{"count":60,"href":"https:\/\/youthdecide.spssb.net\/sl\/wp-json\/wp\/v2\/pages\/179\/revisions"}],"predecessor-version":[{"id":449,"href":"https:\/\/youthdecide.spssb.net\/sl\/wp-json\/wp\/v2\/pages\/179\/revisions\/449"}],"wp:attachment":[{"href":"https:\/\/youthdecide.spssb.net\/sl\/wp-json\/wp\/v2\/media?parent=179"}],"curies":[{"name":"wp","href":"https:\/\/api.w.org\/{rel}","templated":true}]}}