{"id":17,"date":"2023-12-03T14:48:27","date_gmt":"2023-12-03T13:48:27","guid":{"rendered":"https:\/\/youthdecide.spssb.net\/o-projektu\/"},"modified":"2025-06-01T14:42:38","modified_gmt":"2025-06-01T12:42:38","slug":"o-projektu","status":"publish","type":"page","link":"https:\/\/youthdecide.spssb.net\/sl\/o-projektu\/","title":{"rendered":"O projektu"},"content":{"rendered":"\n\n\n<p>Youth Decide je pobuda za u\u010denje o EU Jean Monnet, ki uporablja participativni prora\u010dun kot metodo re\u0161evanja nizke udele\u017ebe mladih pri odlo\u010danju na lokalni in evropski ravni. Ciljna skupina pobude so dijaki, ki \u017eelijo svoje ideje in projekte umestiti v lokalno skupnost pa tudi u\u010ditelji, ki bi \u017eeleli dijake spodbuditi k aktivnemu dr\u017eavljanstvu in organiziranju skupnosti.<\/p>\n\n\n\n<p>S pomo\u010djo spletne strani in u\u010dnih gradiv lahko u\u010ditelji pri pouku izvedejo vajo participativnega prora\u010duna. Dijaki lahko svoje projekte samoiniciativno objavijo na spletnem mestu in jih obenem promovirajo v svoji lokalni in \u0161ir\u0161i skupnosti.<\/p>\n\n\n\n<p>Projekt smo med letoma 2022 in 2025 izvajali u\u010ditelji SIC Ljubljana (Ptujska 6, 1000 Ljubljana) <\/p>\n\n\n\n<div class=\"wp-block-columns is-layout-flex wp-container-core-columns-is-layout-9d6595d7 wp-block-columns-is-layout-flex\">\n<div class=\"wp-block-column is-layout-flow wp-block-column-is-layout-flow\">\n<div class=\"wp-block-buttons is-layout-flex wp-block-buttons-is-layout-flex\">\n<div class=\"wp-block-button\"><a class=\"wp-block-button__link has-accent-background-color has-background wp-element-button\" href=\"https:\/\/www.siclj.si\/projekti\/youthdecide\/\" target=\"_blank\" rel=\"noreferrer noopener\">Ve\u010d o projektu<\/a><\/div>\n<\/div>\n\n\n\n<figure class=\"wp-block-image size-full is-resized\"><img loading=\"lazy\" decoding=\"async\" width=\"600\" height=\"210\" src=\"https:\/\/youthdecide.spssb.net\/wp-content\/uploads\/2025\/06\/sic-logo_1200-600x210-1.png\" alt=\"\" class=\"wp-image-931\" style=\"width:220px;height:auto\" srcset=\"https:\/\/youthdecide.spssb.net\/wp-content\/uploads\/2025\/06\/sic-logo_1200-600x210-1.png 600w, https:\/\/youthdecide.spssb.net\/wp-content\/uploads\/2025\/06\/sic-logo_1200-600x210-1-300x105.png 300w\" sizes=\"auto, (max-width: 600px) 100vw, 600px\" \/><\/figure>\n<\/div>\n\n\n\n<div class=\"wp-block-column is-layout-flow wp-block-column-is-layout-flow\">\n<h3 class=\"wp-block-heading\">Kontakt<\/h3>\n\n\n\n<p><strong>Miha \u010cerne<\/strong><br>Vodja projekta<br><a href=\"mailto:miha.cerne@siclj.si\">miha.cerne@siclj.si<\/a><\/p>\n<\/div>\n<\/div>\n\n\n\n<div style=\"height:20px\" aria-hidden=\"true\" class=\"wp-block-spacer\"><\/div>\n\n\n\n<p><\/p>\n","protected":false},"excerpt":{"rendered":"<p>Youth Decide je pobuda za u\u010denje o EU Jean Monnet, ki uporablja participativni prora\u010dun kot metodo re\u0161evanja nizke udele\u017ebe mladih pri odlo\u010danju na lokalni in evropski ravni. Ciljna skupina pobude so dijaki, ki \u017eelijo svoje ideje in projekte umestiti v lokalno skupnost pa tudi u\u010ditelji, ki bi \u017eeleli dijake spodbuditi k aktivnemu dr\u017eavljanstvu in organiziranju &#8230; <a title=\"O projektu\" class=\"read-more\" href=\"https:\/\/youthdecide.spssb.net\/sl\/o-projektu\/\" aria-label=\"Read more about O projektu\">Read more<\/a><\/p>\n","protected":false},"author":2,"featured_media":0,"parent":0,"menu_order":0,"comment_status":"closed","ping_status":"open","template":"","meta":{"footnotes":""},"class_list":{"0":"post-17","1":"page","2":"type-page","3":"status-publish","5":"infinite-scroll-item"},"_links":{"self":[{"href":"https:\/\/youthdecide.spssb.net\/sl\/wp-json\/wp\/v2\/pages\/17","targetHints":{"allow":["GET"]}}],"collection":[{"href":"https:\/\/youthdecide.spssb.net\/sl\/wp-json\/wp\/v2\/pages"}],"about":[{"href":"https:\/\/youthdecide.spssb.net\/sl\/wp-json\/wp\/v2\/types\/page"}],"author":[{"embeddable":true,"href":"https:\/\/youthdecide.spssb.net\/sl\/wp-json\/wp\/v2\/users\/2"}],"replies":[{"embeddable":true,"href":"https:\/\/youthdecide.spssb.net\/sl\/wp-json\/wp\/v2\/comments?post=17"}],"version-history":[{"count":13,"href":"https:\/\/youthdecide.spssb.net\/sl\/wp-json\/wp\/v2\/pages\/17\/revisions"}],"predecessor-version":[{"id":940,"href":"https:\/\/youthdecide.spssb.net\/sl\/wp-json\/wp\/v2\/pages\/17\/revisions\/940"}],"wp:attachment":[{"href":"https:\/\/youthdecide.spssb.net\/sl\/wp-json\/wp\/v2\/media?parent=17"}],"curies":[{"name":"wp","href":"https:\/\/api.w.org\/{rel}","templated":true}]}}